{"id":247,"date":"2021-07-07T20:11:04","date_gmt":"2021-07-07T18:11:04","guid":{"rendered":"https:\/\/flex-radio.fr\/?page_id=247"},"modified":"2025-01-18T16:15:08","modified_gmt":"2025-01-18T15:15:08","slug":"flex-press-flex-radio","status":"publish","type":"page","link":"https:\/\/flex-radio.fr\/index.php\/flex-press-flex-radio\/","title":{"rendered":"Flex&rsquo;Press"},"content":{"rendered":"\t\t<div data-elementor-type=\"wp-page\" data-elementor-id=\"247\" class=\"elementor elementor-247\">\n\t\t\t\t\t\t<section class=\"elementor-section elementor-top-section elementor-element elementor-element-262538e elementor-section-full_width elementor-section-stretched elementor-section-height-default elementor-section-height-default\" data-id=\"262538e\" data-element_type=\"section\" data-e-type=\"section\" data-settings=\"{&quot;stretch_section&quot;:&quot;section-stretched&quot;,&quot;background_background&quot;:&quot;slideshow&quot;,&quot;background_slideshow_gallery&quot;:[{&quot;id&quot;:936,&quot;url&quot;:&quot;https:\\\/\\\/flex-radio.fr\\\/wp-content\\\/uploads\\\/2022\\\/05\\\/depositphotos_5016265-stock-photo-newspapers.webp&quot;}],&quot;background_slideshow_loop&quot;:&quot;yes&quot;,&quot;background_slideshow_slide_duration&quot;:5000,&quot;background_slideshow_slide_transition&quot;:&quot;fade&quot;,&quot;background_slideshow_transition_duration&quot;:500}\">\n\t\t\t\t\t\t\t<div class=\"elementor-background-overlay\"><\/div>\n\t\t\t\t\t\t\t<div class=\"elementor-container elementor-column-gap-default\">\n\t\t\t\t\t<div class=\"elementor-column elementor-col-100 elementor-top-column elementor-element elementor-element-b6106a0\" data-id=\"b6106a0\" data-element_type=\"column\" data-e-type=\"column\">\n\t\t\t<div class=\"elementor-widget-wrap elementor-element-populated\">\n\t\t\t\t\t\t<section class=\"elementor-section elementor-inner-section elementor-element elementor-element-c3dbc8a elementor-hidden-tablet elementor-hidden-mobile elementor-section-boxed elementor-section-height-default elementor-section-height-default\" data-id=\"c3dbc8a\" data-element_type=\"section\" data-e-type=\"section\">\n\t\t\t\t\t\t<div class=\"elementor-container elementor-column-gap-default\">\n\t\t\t\t\t<div class=\"elementor-column elementor-col-33 elementor-inner-column elementor-element elementor-element-dafc395\" data-id=\"dafc395\" data-element_type=\"column\" data-e-type=\"column\">\n\t\t\t<div class=\"elementor-widget-wrap\">\n\t\t\t\t\t\t\t<\/div>\n\t\t<\/div>\n\t\t\t\t<div class=\"elementor-column elementor-col-33 elementor-inner-column elementor-element elementor-element-13bf9e1\" data-id=\"13bf9e1\" data-element_type=\"column\" data-e-type=\"column\">\n\t\t\t<div class=\"elementor-widget-wrap elementor-element-populated\">\n\t\t\t\t\t\t<div class=\"elementor-element elementor-element-259389d elementor-widget elementor-widget-image\" data-id=\"259389d\" data-element_type=\"widget\" data-e-type=\"widget\" data-widget_type=\"image.default\">\n\t\t\t\t<div class=\"elementor-widget-container\">\n\t\t\t\t\t\t\t\t\t\t\t\t\t\t\t<img decoding=\"async\" width=\"300\" height=\"36\" src=\"https:\/\/flex-radio.fr\/wp-content\/uploads\/2022\/05\/deco_longue_blanche-300x36.png\" class=\"attachment-medium size-medium wp-image-1329\" alt=\"Texte d\u00e9coration Blanc\" srcset=\"https:\/\/flex-radio.fr\/wp-content\/uploads\/2022\/05\/deco_longue_blanche-300x36.png 300w, https:\/\/flex-radio.fr\/wp-content\/uploads\/2022\/05\/deco_longue_blanche-1024x122.png 1024w, https:\/\/flex-radio.fr\/wp-content\/uploads\/2022\/05\/deco_longue_blanche-768x91.png 768w, https:\/\/flex-radio.fr\/wp-content\/uploads\/2022\/05\/deco_longue_blanche.png 1404w\" sizes=\"(max-width: 300px) 100vw, 300px\" \/>\t\t\t\t\t\t\t\t\t\t\t\t\t\t\t<\/div>\n\t\t\t\t<\/div>\n\t\t\t\t\t<\/div>\n\t\t<\/div>\n\t\t\t\t<div class=\"elementor-column elementor-col-33 elementor-inner-column elementor-element elementor-element-030d206\" data-id=\"030d206\" data-element_type=\"column\" data-e-type=\"column\">\n\t\t\t<div class=\"elementor-widget-wrap\">\n\t\t\t\t\t\t\t<\/div>\n\t\t<\/div>\n\t\t\t\t\t<\/div>\n\t\t<\/section>\n\t\t\t\t<div class=\"elementor-element elementor-element-96bb476 elementor-hidden-tablet elementor-hidden-mobile elementor-widget elementor-widget-heading\" data-id=\"96bb476\" data-element_type=\"widget\" data-e-type=\"widget\" data-widget_type=\"heading.default\">\n\t\t\t\t<div class=\"elementor-widget-container\">\n\t\t\t\t\t<h1 class=\"elementor-heading-title elementor-size-default\">flex'press<\/h1>\t\t\t\t<\/div>\n\t\t\t\t<\/div>\n\t\t\t\t<section class=\"elementor-section elementor-inner-section elementor-element elementor-element-199a0b0 elementor-hidden-desktop elementor-section-boxed elementor-section-height-default elementor-section-height-default\" data-id=\"199a0b0\" data-element_type=\"section\" data-e-type=\"section\">\n\t\t\t\t\t\t<div class=\"elementor-container elementor-column-gap-default\">\n\t\t\t\t\t<div class=\"elementor-column elementor-col-100 elementor-inner-column elementor-element elementor-element-0e1c047\" data-id=\"0e1c047\" data-element_type=\"column\" data-e-type=\"column\">\n\t\t\t<div class=\"elementor-widget-wrap elementor-element-populated\">\n\t\t\t\t\t\t<div class=\"elementor-element elementor-element-5b0594f elementor-widget elementor-widget-image\" data-id=\"5b0594f\" data-element_type=\"widget\" data-e-type=\"widget\" data-widget_type=\"image.default\">\n\t\t\t\t<div class=\"elementor-widget-container\">\n\t\t\t\t\t\t\t\t\t\t\t\t\t\t\t<img decoding=\"async\" width=\"300\" height=\"97\" src=\"https:\/\/flex-radio.fr\/wp-content\/uploads\/2022\/05\/ptite_bande_blanche-300x97.png\" class=\"attachment-medium size-medium wp-image-1359\" alt=\"Texte d\u00e9coration Blanc\" srcset=\"https:\/\/flex-radio.fr\/wp-content\/uploads\/2022\/05\/ptite_bande_blanche-300x97.png 300w, https:\/\/flex-radio.fr\/wp-content\/uploads\/2022\/05\/ptite_bande_blanche.png 517w\" sizes=\"(max-width: 300px) 100vw, 300px\" \/>\t\t\t\t\t\t\t\t\t\t\t\t\t\t\t<\/div>\n\t\t\t\t<\/div>\n\t\t\t\t\t<\/div>\n\t\t<\/div>\n\t\t\t\t\t<\/div>\n\t\t<\/section>\n\t\t\t\t<div class=\"elementor-element elementor-element-24983b1 elementor-hidden-desktop elementor-widget elementor-widget-heading\" data-id=\"24983b1\" data-element_type=\"widget\" data-e-type=\"widget\" data-widget_type=\"heading.default\">\n\t\t\t\t<div class=\"elementor-widget-container\">\n\t\t\t\t\t<h1 class=\"elementor-heading-title elementor-size-default\">flex'\npress<\/h1>\t\t\t\t<\/div>\n\t\t\t\t<\/div>\n\t\t\t\t\t<\/div>\n\t\t<\/div>\n\t\t\t\t\t<\/div>\n\t\t<\/section>\n\t\t\t\t<section class=\"elementor-section elementor-top-section elementor-element elementor-element-5857029 elementor-section-boxed elementor-section-height-default elementor-section-height-default\" data-id=\"5857029\" data-element_type=\"section\" data-e-type=\"section\">\n\t\t\t\t\t\t<div class=\"elementor-container elementor-column-gap-default\">\n\t\t\t\t\t<div class=\"elementor-column elementor-col-50 elementor-top-column elementor-element elementor-element-2bb3bf9\" data-id=\"2bb3bf9\" data-element_type=\"column\" data-e-type=\"column\">\n\t\t\t<div class=\"elementor-widget-wrap elementor-element-populated\">\n\t\t\t\t\t\t<div class=\"elementor-element elementor-element-72550a0 elementor-drop-cap-yes elementor-drop-cap-view-default elementor-widget elementor-widget-text-editor\" data-id=\"72550a0\" data-element_type=\"widget\" data-e-type=\"widget\" data-settings=\"{&quot;drop_cap&quot;:&quot;yes&quot;}\" data-widget_type=\"text-editor.default\">\n\t\t\t\t<div class=\"elementor-widget-container\">\n\t\t\t\t\t\t\t\t\t<p>Pour \u00eatre au top de l&rsquo;information, retrouve Flex&rsquo;Press ! Du lundi au vendredi, <span style=\"font-weight: 400;\">un duo d\u2019animateurs pr\u00e9sentent l\u2019actualit\u00e9 condens\u00e9e du jour en 3 minutes. Tous les lyc\u00e9ens de Pontarlier se relaient ainsi de septembre \u00e0 juin sur l\u2019antenne ! Un condens\u00e9 d&rsquo;actus <\/span><span style=\"font-weight: 400;\">et de conseils pour passer une journ\u00e9e bien inform\u00e9e. Alors, tu attends quoi ? Sur le chemin du travail le matin, met Flex Radio ! Entre la pause de midi et deux ? Met Flex Radio, le Flex&rsquo;Press t&rsquo;accueil avec plaisir.\u00a0<\/span><\/p>\n<p><span style=\"font-weight: 400;\">\u00a0<\/span><\/p>\t\t\t\t\t\t\t\t<\/div>\n\t\t\t\t<\/div>\n\t\t\t\t\t<\/div>\n\t\t<\/div>\n\t\t\t\t<div class=\"elementor-column elementor-col-50 elementor-top-column elementor-element elementor-element-db5bd50\" data-id=\"db5bd50\" data-element_type=\"column\" data-e-type=\"column\">\n\t\t\t<div class=\"elementor-widget-wrap elementor-element-populated\">\n\t\t\t\t\t\t<div class=\"elementor-element elementor-element-bba78d9 elementor-widget elementor-widget-image\" data-id=\"bba78d9\" data-element_type=\"widget\" data-e-type=\"widget\" data-widget_type=\"image.default\">\n\t\t\t\t<div class=\"elementor-widget-container\">\n\t\t\t\t\t\t\t\t\t\t\t\t\t\t\t<img fetchpriority=\"high\" decoding=\"async\" width=\"300\" height=\"298\" src=\"https:\/\/flex-radio.fr\/wp-content\/uploads\/2022\/05\/flex-press-1-300x298.png\" class=\"attachment-medium size-medium wp-image-634\" alt=\"Logo Flex&#039;Press\" srcset=\"https:\/\/flex-radio.fr\/wp-content\/uploads\/2022\/05\/flex-press-1-300x298.png 300w, https:\/\/flex-radio.fr\/wp-content\/uploads\/2022\/05\/flex-press-1-150x150.png 150w, https:\/\/flex-radio.fr\/wp-content\/uploads\/2022\/05\/flex-press-1.png 377w\" sizes=\"(max-width: 300px) 100vw, 300px\" \/>\t\t\t\t\t\t\t\t\t\t\t\t\t\t\t<\/div>\n\t\t\t\t<\/div>\n\t\t\t\t\t<\/div>\n\t\t<\/div>\n\t\t\t\t\t<\/div>\n\t\t<\/section>\n\t\t\t\t<\/div>\n\t\t","protected":false},"excerpt":{"rendered":"<p>flex&rsquo;press flex&rsquo; press Pour \u00eatre au top de l&rsquo;information, retrouve Flex&rsquo;Press ! Du lundi au vendredi, un duo d\u2019animateurs pr\u00e9sentent l\u2019actualit\u00e9 condens\u00e9e du jour en 3 minutes. Tous les lyc\u00e9ens de Pontarlier se relaient ainsi de septembre \u00e0 juin sur l\u2019antenne ! Un condens\u00e9 d&rsquo;actus et de conseils pour passer une journ\u00e9e bien inform\u00e9e. Alors, [&hellip;]<\/p>\n","protected":false},"author":2,"featured_media":0,"parent":0,"menu_order":0,"comment_status":"closed","ping_status":"closed","template":"","meta":{"site-sidebar-layout":"default","site-content-layout":"","ast-site-content-layout":"","site-content-style":"default","site-sidebar-style":"default","ast-global-header-display":"","ast-banner-title-visibility":"","ast-main-header-display":"","ast-hfb-above-header-display":"","ast-hfb-below-header-display":"","ast-hfb-mobile-header-display":"","site-post-title":"","ast-breadcrumbs-content":"","ast-featured-img":"","footer-sml-layout":"","theme-transparent-header-meta":"","adv-header-id-meta":"","stick-header-meta":"","header-above-stick-meta":"","header-main-stick-meta":"","header-below-stick-meta":"","astra-migrate-meta-layouts":"default","ast-page-background-enabled":"default","ast-page-background-meta":{"desktop":{"background-color":"var(--ast-global-color-4)","background-image":"","background-repeat":"repeat","background-position":"center center","background-size":"auto","background-attachment":"scroll","background-type":"","background-media":"","overlay-type":"","overlay-color":"","overlay-opacity":"","overlay-gradient":""},"tablet":{"background-color":"","background-image":"","background-repeat":"repeat","background-position":"center center","background-size":"auto","background-attachment":"scroll","background-type":"","background-media":"","overlay-type":"","overlay-color":"","overlay-opacity":"","overlay-gradient":""},"mobile":{"background-color":"","background-image":"","background-repeat":"repeat","background-position":"center center","background-size":"auto","background-attachment":"scroll","background-type":"","background-media":"","overlay-type":"","overlay-color":"","overlay-opacity":"","overlay-gradient":""}},"ast-content-background-meta":{"desktop":{"background-color":"var(--ast-global-color-5)","background-image":"","background-repeat":"repeat","background-position":"center center","background-size":"auto","background-attachment":"scroll","background-type":"","background-media":"","overlay-type":"","overlay-color":"","overlay-opacity":"","overlay-gradient":""},"tablet":{"background-color":"var(--ast-global-color-5)","background-image":"","background-repeat":"repeat","background-position":"center center","background-size":"auto","background-attachment":"scroll","background-type":"","background-media":"","overlay-type":"","overlay-color":"","overlay-opacity":"","overlay-gradient":""},"mobile":{"background-color":"var(--ast-global-color-5)","background-image":"","background-repeat":"repeat","background-position":"center center","background-size":"auto","background-attachment":"scroll","background-type":"","background-media":"","overlay-type":"","overlay-color":"","overlay-opacity":"","overlay-gradient":""}},"footnotes":""},"class_list":["post-247","page","type-page","status-publish","hentry"],"yoast_head":"<!-- This site is optimized with the Yoast SEO plugin v27.3 - https:\/\/yoast.com\/product\/yoast-seo-wordpress\/ -->\n<title>Flex&#039;press : actu du jour \u00e0 \u00e9couter sur Flex Radio en direct<\/title>\n<meta name=\"description\" content=\"Flex&#039;press c&#039;est le moment sur l&#039;actu du jour dans le monde et \u00e0 Pontarlier sur Flex Radio, du lundi au vendredi ; matin, midi et soir.\" \/>\n<meta name=\"robots\" content=\"index, follow, max-snippet:-1, max-image-preview:large, max-video-preview:-1\" \/>\n<link rel=\"canonical\" href=\"https:\/\/flex-radio.fr\/index.php\/flex-press-flex-radio\/\" \/>\n<meta property=\"og:locale\" content=\"fr_FR\" \/>\n<meta property=\"og:type\" content=\"article\" \/>\n<meta property=\"og:title\" content=\"Flex&#039;press : actu du jour \u00e0 \u00e9couter sur Flex Radio en direct\" \/>\n<meta property=\"og:description\" content=\"Flex&#039;press c&#039;est le moment sur l&#039;actu du jour dans le monde et \u00e0 Pontarlier sur Flex Radio, du lundi au vendredi ; matin, midi et soir.\" \/>\n<meta property=\"og:url\" content=\"https:\/\/flex-radio.fr\/index.php\/flex-press-flex-radio\/\" \/>\n<meta property=\"og:site_name\" content=\"Flex Radio\" \/>\n<meta property=\"article:publisher\" content=\"https:\/\/www.facebook.com\/flexradiopontarlier\" \/>\n<meta property=\"article:modified_time\" content=\"2025-01-18T15:15:08+00:00\" \/>\n<meta property=\"og:image\" content=\"https:\/\/flex-radio.fr\/wp-content\/uploads\/2022\/05\/deco_longue_blanche.png\" \/>\n\t<meta property=\"og:image:width\" content=\"1404\" \/>\n\t<meta property=\"og:image:height\" content=\"167\" \/>\n\t<meta property=\"og:image:type\" content=\"image\/png\" \/>\n<meta name=\"twitter:card\" content=\"summary_large_image\" \/>\n<meta name=\"twitter:label1\" content=\"Dur\u00e9e de lecture estim\u00e9e\" \/>\n\t<meta name=\"twitter:data1\" content=\"2 minutes\" \/>\n<script type=\"application\/ld+json\" class=\"yoast-schema-graph\">{\"@context\":\"https:\\\/\\\/schema.org\",\"@graph\":[{\"@type\":\"WebPage\",\"@id\":\"https:\\\/\\\/flex-radio.fr\\\/index.php\\\/flex-press-flex-radio\\\/\",\"url\":\"https:\\\/\\\/flex-radio.fr\\\/index.php\\\/flex-press-flex-radio\\\/\",\"name\":\"Flex'press : actu du jour \u00e0 \u00e9couter sur Flex Radio en direct\",\"isPartOf\":{\"@id\":\"https:\\\/\\\/flex-radio.fr\\\/#website\"},\"primaryImageOfPage\":{\"@id\":\"https:\\\/\\\/flex-radio.fr\\\/index.php\\\/flex-press-flex-radio\\\/#primaryimage\"},\"image\":{\"@id\":\"https:\\\/\\\/flex-radio.fr\\\/index.php\\\/flex-press-flex-radio\\\/#primaryimage\"},\"thumbnailUrl\":\"https:\\\/\\\/flex-radio.fr\\\/wp-content\\\/uploads\\\/2022\\\/05\\\/deco_longue_blanche-300x36.png\",\"datePublished\":\"2021-07-07T18:11:04+00:00\",\"dateModified\":\"2025-01-18T15:15:08+00:00\",\"description\":\"Flex'press c'est le moment sur l'actu du jour dans le monde et \u00e0 Pontarlier sur Flex Radio, du lundi au vendredi ; matin, midi et soir.\",\"breadcrumb\":{\"@id\":\"https:\\\/\\\/flex-radio.fr\\\/index.php\\\/flex-press-flex-radio\\\/#breadcrumb\"},\"inLanguage\":\"fr-FR\",\"potentialAction\":[{\"@type\":\"ReadAction\",\"target\":[\"https:\\\/\\\/flex-radio.fr\\\/index.php\\\/flex-press-flex-radio\\\/\"]}]},{\"@type\":\"ImageObject\",\"inLanguage\":\"fr-FR\",\"@id\":\"https:\\\/\\\/flex-radio.fr\\\/index.php\\\/flex-press-flex-radio\\\/#primaryimage\",\"url\":\"https:\\\/\\\/flex-radio.fr\\\/wp-content\\\/uploads\\\/2022\\\/05\\\/deco_longue_blanche.png\",\"contentUrl\":\"https:\\\/\\\/flex-radio.fr\\\/wp-content\\\/uploads\\\/2022\\\/05\\\/deco_longue_blanche.png\",\"width\":1404,\"height\":167,\"caption\":\"Texte d\u00e9coration Blanc\"},{\"@type\":\"BreadcrumbList\",\"@id\":\"https:\\\/\\\/flex-radio.fr\\\/index.php\\\/flex-press-flex-radio\\\/#breadcrumb\",\"itemListElement\":[{\"@type\":\"ListItem\",\"position\":1,\"name\":\"Accueil\",\"item\":\"https:\\\/\\\/flex-radio.fr\\\/\"},{\"@type\":\"ListItem\",\"position\":2,\"name\":\"Flex&rsquo;Press\"}]},{\"@type\":\"WebSite\",\"@id\":\"https:\\\/\\\/flex-radio.fr\\\/#website\",\"url\":\"https:\\\/\\\/flex-radio.fr\\\/\",\"name\":\"Flex Radio\",\"description\":\"La radio urbaine de Pontarlier\",\"publisher\":{\"@id\":\"https:\\\/\\\/flex-radio.fr\\\/#organization\"},\"potentialAction\":[{\"@type\":\"SearchAction\",\"target\":{\"@type\":\"EntryPoint\",\"urlTemplate\":\"https:\\\/\\\/flex-radio.fr\\\/?s={search_term_string}\"},\"query-input\":{\"@type\":\"PropertyValueSpecification\",\"valueRequired\":true,\"valueName\":\"search_term_string\"}}],\"inLanguage\":\"fr-FR\"},{\"@type\":\"Organization\",\"@id\":\"https:\\\/\\\/flex-radio.fr\\\/#organization\",\"name\":\"Flex Radio\",\"url\":\"https:\\\/\\\/flex-radio.fr\\\/\",\"logo\":{\"@type\":\"ImageObject\",\"inLanguage\":\"fr-FR\",\"@id\":\"https:\\\/\\\/flex-radio.fr\\\/#\\\/schema\\\/logo\\\/image\\\/\",\"url\":\"https:\\\/\\\/flex-radio.fr\\\/wp-content\\\/uploads\\\/2022\\\/05\\\/Flexradio_logo_blanc-rondnoir.png\",\"contentUrl\":\"https:\\\/\\\/flex-radio.fr\\\/wp-content\\\/uploads\\\/2022\\\/05\\\/Flexradio_logo_blanc-rondnoir.png\",\"width\":2515,\"height\":2514,\"caption\":\"Flex Radio\"},\"image\":{\"@id\":\"https:\\\/\\\/flex-radio.fr\\\/#\\\/schema\\\/logo\\\/image\\\/\"},\"sameAs\":[\"https:\\\/\\\/www.facebook.com\\\/flexradiopontarlier\",\"https:\\\/\\\/www.instagram.com\\\/flexradio25\\\/\",\"https:\\\/\\\/open.spotify.com\\\/show\\\/5dqhOLfI9b86cHVndy8843\",\"https:\\\/\\\/soundcloud.com\\\/user-283435292-287430910\",\"https:\\\/\\\/www.youtube.com\\\/channel\\\/UCEupxYWdQ6-WKtgI7yb1ikA\",\"https:\\\/\\\/www.twitch.tv\\\/flexradio_\"]}]}<\/script>\n<!-- \/ Yoast SEO plugin. -->","yoast_head_json":{"title":"Flex'press : actu du jour \u00e0 \u00e9couter sur Flex Radio en direct","description":"Flex'press c'est le moment sur l'actu du jour dans le monde et \u00e0 Pontarlier sur Flex Radio, du lundi au vendredi ; matin, midi et soir.","robots":{"index":"index","follow":"follow","max-snippet":"max-snippet:-1","max-image-preview":"max-image-preview:large","max-video-preview":"max-video-preview:-1"},"canonical":"https:\/\/flex-radio.fr\/index.php\/flex-press-flex-radio\/","og_locale":"fr_FR","og_type":"article","og_title":"Flex'press : actu du jour \u00e0 \u00e9couter sur Flex Radio en direct","og_description":"Flex'press c'est le moment sur l'actu du jour dans le monde et \u00e0 Pontarlier sur Flex Radio, du lundi au vendredi ; matin, midi et soir.","og_url":"https:\/\/flex-radio.fr\/index.php\/flex-press-flex-radio\/","og_site_name":"Flex Radio","article_publisher":"https:\/\/www.facebook.com\/flexradiopontarlier","article_modified_time":"2025-01-18T15:15:08+00:00","og_image":[{"width":1404,"height":167,"url":"https:\/\/flex-radio.fr\/wp-content\/uploads\/2022\/05\/deco_longue_blanche.png","type":"image\/png"}],"twitter_card":"summary_large_image","twitter_misc":{"Dur\u00e9e de lecture estim\u00e9e":"2 minutes"},"schema":{"@context":"https:\/\/schema.org","@graph":[{"@type":"WebPage","@id":"https:\/\/flex-radio.fr\/index.php\/flex-press-flex-radio\/","url":"https:\/\/flex-radio.fr\/index.php\/flex-press-flex-radio\/","name":"Flex'press : actu du jour \u00e0 \u00e9couter sur Flex Radio en direct","isPartOf":{"@id":"https:\/\/flex-radio.fr\/#website"},"primaryImageOfPage":{"@id":"https:\/\/flex-radio.fr\/index.php\/flex-press-flex-radio\/#primaryimage"},"image":{"@id":"https:\/\/flex-radio.fr\/index.php\/flex-press-flex-radio\/#primaryimage"},"thumbnailUrl":"https:\/\/flex-radio.fr\/wp-content\/uploads\/2022\/05\/deco_longue_blanche-300x36.png","datePublished":"2021-07-07T18:11:04+00:00","dateModified":"2025-01-18T15:15:08+00:00","description":"Flex'press c'est le moment sur l'actu du jour dans le monde et \u00e0 Pontarlier sur Flex Radio, du lundi au vendredi ; matin, midi et soir.","breadcrumb":{"@id":"https:\/\/flex-radio.fr\/index.php\/flex-press-flex-radio\/#breadcrumb"},"inLanguage":"fr-FR","potentialAction":[{"@type":"ReadAction","target":["https:\/\/flex-radio.fr\/index.php\/flex-press-flex-radio\/"]}]},{"@type":"ImageObject","inLanguage":"fr-FR","@id":"https:\/\/flex-radio.fr\/index.php\/flex-press-flex-radio\/#primaryimage","url":"https:\/\/flex-radio.fr\/wp-content\/uploads\/2022\/05\/deco_longue_blanche.png","contentUrl":"https:\/\/flex-radio.fr\/wp-content\/uploads\/2022\/05\/deco_longue_blanche.png","width":1404,"height":167,"caption":"Texte d\u00e9coration Blanc"},{"@type":"BreadcrumbList","@id":"https:\/\/flex-radio.fr\/index.php\/flex-press-flex-radio\/#breadcrumb","itemListElement":[{"@type":"ListItem","position":1,"name":"Accueil","item":"https:\/\/flex-radio.fr\/"},{"@type":"ListItem","position":2,"name":"Flex&rsquo;Press"}]},{"@type":"WebSite","@id":"https:\/\/flex-radio.fr\/#website","url":"https:\/\/flex-radio.fr\/","name":"Flex Radio","description":"La radio urbaine de Pontarlier","publisher":{"@id":"https:\/\/flex-radio.fr\/#organization"},"potentialAction":[{"@type":"SearchAction","target":{"@type":"EntryPoint","urlTemplate":"https:\/\/flex-radio.fr\/?s={search_term_string}"},"query-input":{"@type":"PropertyValueSpecification","valueRequired":true,"valueName":"search_term_string"}}],"inLanguage":"fr-FR"},{"@type":"Organization","@id":"https:\/\/flex-radio.fr\/#organization","name":"Flex Radio","url":"https:\/\/flex-radio.fr\/","logo":{"@type":"ImageObject","inLanguage":"fr-FR","@id":"https:\/\/flex-radio.fr\/#\/schema\/logo\/image\/","url":"https:\/\/flex-radio.fr\/wp-content\/uploads\/2022\/05\/Flexradio_logo_blanc-rondnoir.png","contentUrl":"https:\/\/flex-radio.fr\/wp-content\/uploads\/2022\/05\/Flexradio_logo_blanc-rondnoir.png","width":2515,"height":2514,"caption":"Flex Radio"},"image":{"@id":"https:\/\/flex-radio.fr\/#\/schema\/logo\/image\/"},"sameAs":["https:\/\/www.facebook.com\/flexradiopontarlier","https:\/\/www.instagram.com\/flexradio25\/","https:\/\/open.spotify.com\/show\/5dqhOLfI9b86cHVndy8843","https:\/\/soundcloud.com\/user-283435292-287430910","https:\/\/www.youtube.com\/channel\/UCEupxYWdQ6-WKtgI7yb1ikA","https:\/\/www.twitch.tv\/flexradio_"]}]}},"_links":{"self":[{"href":"https:\/\/flex-radio.fr\/index.php\/wp-json\/wp\/v2\/pages\/247","targetHints":{"allow":["GET"]}}],"collection":[{"href":"https:\/\/flex-radio.fr\/index.php\/wp-json\/wp\/v2\/pages"}],"about":[{"href":"https:\/\/flex-radio.fr\/index.php\/wp-json\/wp\/v2\/types\/page"}],"author":[{"embeddable":true,"href":"https:\/\/flex-radio.fr\/index.php\/wp-json\/wp\/v2\/users\/2"}],"replies":[{"embeddable":true,"href":"https:\/\/flex-radio.fr\/index.php\/wp-json\/wp\/v2\/comments?post=247"}],"version-history":[{"count":24,"href":"https:\/\/flex-radio.fr\/index.php\/wp-json\/wp\/v2\/pages\/247\/revisions"}],"predecessor-version":[{"id":2132,"href":"https:\/\/flex-radio.fr\/index.php\/wp-json\/wp\/v2\/pages\/247\/revisions\/2132"}],"wp:attachment":[{"href":"https:\/\/flex-radio.fr\/index.php\/wp-json\/wp\/v2\/media?parent=247"}],"curies":[{"name":"wp","href":"https:\/\/api.w.org\/{rel}","templated":true}]}}